{"id":153,"date":"2018-08-06T14:07:50","date_gmt":"2018-08-06T14:07:50","guid":{"rendered":"http:\/\/extendthemes.com\/demos\/mesmerize-pro-hairstyle\/?page_id=2"},"modified":"2025-05-19T18:14:20","modified_gmt":"2025-05-19T16:14:20","slug":"lpg","status":"publish","type":"page","link":"https:\/\/www.angel-institut-tyrosse.fr\/?page_id=153","title":{"rendered":"LPG"},"content":{"rendered":"<div  data-label=\"About\" data-id=\"about--1\" data-export-id=\"about-9\" data-category=\"about\" class=\"about-9 content-section content-section-spacing\" id=\"about-1\" style=\"background-color: rgb(255, 255, 255); background-image: none;\"><div  class=\"gridContainer\"> <div  class=\"row middle-sm text-center\"><div  class=\"col-sm-5 space-bottom-xs content-column content-right-sm\" data-type=\"column\">  <h2  class=\"\">Alliez performance, design et innovation<\/h2> <p  class=\"\" style=\"text-align: right;\">Le dispositif LPG\u00ae Beauty associe une technologie de pointe \u00e0 un design ergonomique, pens\u00e9 pour offrir un confort optimal lors de chaque soin. Gr\u00e2ce \u00e0 son efficacit\u00e9 cliniquement prouv\u00e9e et \u00e0 sa pr\u00e9cision, il garantit des r\u00e9sultats visibles tout en respectant la sensibilit\u00e9 de votre peau.<\/p> <\/div> <div  class=\"col-sm-7 flexbox flexbox middle-xs center-xs space-bottom-xs\"><div  class=\"overlay-box flexbox middle-xs center-xs overlay-holder \"> <div  class=\"overlay-box-offset shadow-medium bg-color2 hide-xs offset-background\"><\/div> <img  decoding=\"async\" class=\"flexbox shadow-large img1\" src=\"https:\/\/www.angel-institut-tyrosse.fr\/wp-content\/uploads\/2025\/05\/cropped-IMG_2600-1-scaled-1.jpg\" data-size=\"600x400\" title=\"Angel Institut - St Jean de Marsacq\" alt=\"\"><\/div> <\/div><\/div> <\/div><\/div><div  data-label=\"Pricing\" data-id=\"pricing--1\" data-export-id=\"pricing-3\" data-category=\"pricing\" data-featured-class=\"pricing-featured\" class=\"pricing-3 content-section content-section-spacing content-relative\" id=\"pricing-1\" style=\"background-color: rgba(211, 185, 164, 0.184); background-image: none;\"><div  class=\"gridContainer\"> <div  class=\"row middle-sm\"><div  class=\"col-xs-12 col-sm-4 col-padding-xs\" data-type=\"column\"> <h2  class=\"\" style=\"text-align: center;\">Visage<\/h2> <p  class=\"lead\" style=\"text-align: justify;\">Offrez \u00e0 votre peau un soin LPG visage pour relancer naturellement la production de collag\u00e8ne et d\u2019\u00e9lastine. Gr\u00e2ce \u00e0 la technologie brevet\u00e9e Endermologie\u00ae, ce traitement stimule les tissus en profondeur, am\u00e9liore l\u2019oxyg\u00e9nation cutan\u00e9e et redonne \u00e9clat, fermet\u00e9 et tonicit\u00e9 au visage.<\/p><\/div> <div  class=\"col-xs-12 col-sm-8\"><div  class=\"row middle-sm spaced-cols\" data-type=\"row\"> <div  data-default=\"no-class\" data-featured=\"shadow-large\" class=\"col-xs-12 col-sm-6 card-replacer text-center pos-rel col-md-6\"><div  class=\"top-right-triangle color2\" data-fixed=\"true\"><\/div> <h5  class=\"upper\">\u2013<\/h5> <a  data-cp-link=\"1\" href=\"#\" class=\"\" target=\"_self\"><i  class=\"fa icon round-background fa-heart-o reverse round big color1\"><\/i><\/a> <h3  class=\"h1\">50\u20ac<\/h3> <p  data-default=\"color1\" data-featured=\"color2\" class=\"small color1\"><span  id=\"_mce_caret\" data-mce-bogus=\"1\" data-mce-type=\"format-caret\"><span ><span  style=\"color: rgb(0, 0, 0);\">La s\u00e9ance<\/span><span  id=\"_mce_caret\" data-mce-bogus=\"1\" data-mce-type=\"format-caret\"><span  style=\"color: rgb(26, 24, 22);\">\ufeff<\/span><\/span><\/span><span  style=\"color: rgb(0, 0, 0);\">\ufeff<\/span><\/span><span  id=\"_mce_caret\" data-mce-bogus=\"1\" data-mce-type=\"format-caret\"><span  style=\"color: rgb(26, 24, 22);\">\ufeff<\/span><\/span><\/p>  <a  data-default=\"color1\" data-featured=\"color2\" class=\"button upper y-move color1\" href=\"#\" target=\"_self\" data-cp-link=\"1\" data-icon=\"\">30 minutes<\/a><\/div> <div  data-default=\"no-class\" data-featured=\"shadow-large\" class=\"col-xs-12 col-sm-6 card-replacer text-center pos-rel col-md-6 pricing-featured shadow-large\"><div  class=\"top-right-triangle color2\" data-fixed=\"true\"><\/div> <h5  class=\"upper\">\u2013<\/h5> <i  class=\"fa icon round-background fa-heart reverse round big color2\"><\/i> <h3  class=\"h1\">300\u20ac<\/h3> <p  data-default=\"color1\" data-featured=\"color2\" class=\"small color2\">Forfait de 6 s\u00e9ances et<span  style=\"font-weight: 800;\"> 1 s\u00e9ance offerte.<\/span><span  id=\"_mce_caret\" data-mce-bogus=\"1\" data-mce-type=\"format-caret\"><span  style=\"font-weight: 500;\">\ufeff<\/span><\/span><\/p>  <a  data-default=\"color1\" data-featured=\"color2\" class=\"button upper y-move color2\" href=\"#\" target=\"_self\" data-cp-link=\"1\" data-icon=\"\">30 minutes<\/a><\/div> <\/div><\/div> <\/div><\/div> <\/div><div  data-label=\"Features\" data-id=\"features--1\" data-export-id=\"features-12-card-bordered\" data-category=\"features\" class=\"features-12-card-bordered content-section content-section-spacing\" id=\"features-1\" style=\"background-color: rgb(255, 255, 255); background-image: none;\"><div  class=\"gridContainer\"> <div  class=\"row text-center\"><div  class=\"section-title-col\" data-type=\"column\"> <h2  class=\"\">Votre alli\u00e9 beaut\u00e9 pour une peau ferme et \u00e9clatante<\/h2> <p  class=\"lead\" style=\"text-align: center;\">Reconnue pour ses effets visibles et durables, la m\u00e9thode LPG est aujourd\u2019hui l\u2019une des solutions les plus efficaces pour pr\u00e9server la jeunesse du visage. Elle agit en profondeur pour r\u00e9activer naturellement les fonctions cutan\u00e9es, am\u00e9liorer la qualit\u00e9 de la peau et pr\u00e9venir le rel\u00e2chement. Adapt\u00e9e \u00e0 tous les types de peau, elle offre une v\u00e9ritable alternative aux techniques plus invasives.<\/p><\/div> <\/div> <div  class=\"row spaced-cols\" data-type=\"row\"> <div  class=\"col-sm-6\"> <div  class=\"card row-card bordered y-move\"> <div  class=\"row\"> <div  class=\"col-sm-fit icon-column\"> <i  class=\"fa icon fa-envira bordered round color2\"><\/i> <\/div> <div  class=\"col-sm\" data-type=\"column\"> <h5  class=\"color2\">M\u00e9thode naturelle et non invasive<\/h5> <p  class=\"\" style=\"text-align: justify;\">Le LPG est une technologie 100\u202f% naturelle qui stimule en douceur la peau sans chirurgie, ni injection. C\u2019est une alternative id\u00e9ale pour toutes celles qui recherchent un raffermissement efficace, sans douleur ni effets secondaires.<\/p><\/div> <\/div><\/div> <\/div> <div  class=\"col-sm-6\"> <div  class=\"card row-card bordered y-move\"> <div  class=\"row\"> <div  class=\"col-sm-fit icon-column\"> <i  class=\"fa icon fa-check-square-o bordered round color2\"><\/i> <\/div> <div  class=\"col-sm\" data-type=\"column\"> <h5  class=\"color2\">R\u00e9activation des fonctions cellulaires<\/h5> <p  class=\"\" style=\"text-align: justify;\">Gr\u00e2ce au principe de stimulation m\u00e9canique (Endermologie\u00ae), le soin LPG r\u00e9veille les cellules de la peau, booste la production de collag\u00e8ne, d\u2019\u00e9lastine et d\u2019acide hyaluronique, essentiels \u00e0 une peau ferme et \u00e9clatante.<\/p><\/div> <\/div><\/div> <\/div> <div  class=\"col-sm-6\"> <div  class=\"card row-card bordered y-move\"> <div  class=\"row\"> <div  class=\"col-sm-fit icon-column\"> <i  class=\"fa icon fa-eye bordered round color2\"><\/i> <\/div> <div  class=\"col-sm\" data-type=\"column\"> <h5  class=\"color2\">R\u00e9sultats visibles d\u00e8s les premi\u00e8res s\u00e9ances<\/h5> <p  class=\"\" style=\"text-align: justify;\">Le LPG visage&nbsp; offre un effet liftant imm\u00e9diat. La peau est plus tonique, le grain affin\u00e9, les volumes redessin\u00e9s. C\u2019est la solution id\u00e9ale pour lutter contre le rel\u00e2chement cutan\u00e9 et les signes visibles de l\u2019\u00e2ge.<\/p><\/div> <\/div><\/div> <\/div> <div  class=\"col-sm-6\"> <div  class=\"card row-card bordered y-move\"> <div  class=\"row\"> <div  class=\"col-sm-fit icon-column\"> <i  class=\"fa icon fa-eyedropper bordered round color2\"><\/i> <\/div> <div  class=\"col-sm\" data-type=\"column\"> <h5  class=\"color2\">Soin sp\u00e9cifiquement con\u00e7u pour le visage<\/h5> <p  class=\"\" style=\"text-align: justify;\">Le LPG visage cible avec pr\u00e9cision les zones les plus sensibles comme le contour des yeux, l\u2019ovale du visage, le front ou le cou. Il permet de lisser les rides, raffermir la peau et redessiner les volumes pour un effet jeunesse naturel et durable.<\/p><\/div> <\/div><\/div> <\/div><\/div> <\/div><\/div>","protected":false},"excerpt":{"rendered":"<p>Alliez performance, design et innovation Le dispositif LPG\u00ae Beauty associe une technologie de pointe \u00e0 un design ergonomique, pens\u00e9 pour offrir un confort optimal lors de chaque soin. Gr\u00e2ce \u00e0 son efficacit\u00e9 cliniquement prouv\u00e9e et \u00e0 sa pr\u00e9cision, il garantit des r\u00e9sultats visibles tout en respectant la sensibilit\u00e9 de votre peau. Visage Offrez \u00e0 votre&hellip; <br \/> <a class=\"read-more\" href=\"https:\/\/www.angel-institut-tyrosse.fr\/?page_id=153\">Read more<\/a><\/p>\n","protected":false},"author":1,"featured_media":0,"parent":0,"menu_order":0,"comment_status":"closed","ping_status":"open","template":"pro\/page-templates\/full-width-page.php","meta":{"footnotes":""},"class_list":["post-153","page","type-page","status-publish","hentry"],"_links":{"self":[{"href":"https:\/\/www.angel-institut-tyrosse.fr\/index.php?rest_route=\/wp\/v2\/pages\/153","targetHints":{"allow":["GET"]}}],"collection":[{"href":"https:\/\/www.angel-institut-tyrosse.fr\/index.php?rest_route=\/wp\/v2\/pages"}],"about":[{"href":"https:\/\/www.angel-institut-tyrosse.fr\/index.php?rest_route=\/wp\/v2\/types\/page"}],"author":[{"embeddable":true,"href":"https:\/\/www.angel-institut-tyrosse.fr\/index.php?rest_route=\/wp\/v2\/users\/1"}],"replies":[{"embeddable":true,"href":"https:\/\/www.angel-institut-tyrosse.fr\/index.php?rest_route=%2Fwp%2Fv2%2Fcomments&post=153"}],"version-history":[{"count":12,"href":"https:\/\/www.angel-institut-tyrosse.fr\/index.php?rest_route=\/wp\/v2\/pages\/153\/revisions"}],"predecessor-version":[{"id":391,"href":"https:\/\/www.angel-institut-tyrosse.fr\/index.php?rest_route=\/wp\/v2\/pages\/153\/revisions\/391"}],"wp:attachment":[{"href":"https:\/\/www.angel-institut-tyrosse.fr\/index.php?rest_route=%2Fwp%2Fv2%2Fmedia&parent=153"}],"curies":[{"name":"wp","href":"https:\/\/api.w.org\/{rel}","templated":true}]}}