{"id":113,"date":"2018-08-08T13:39:10","date_gmt":"2018-08-08T13:39:10","guid":{"rendered":"http:\/\/extendthemes.com\/demos\/mesmerize-pro-hairstyle\/?page_id=113"},"modified":"2025-05-19T18:14:20","modified_gmt":"2025-05-19T16:14:20","slug":"radiofrequence","status":"publish","type":"page","link":"https:\/\/www.angel-institut-tyrosse.fr\/?page_id=113","title":{"rendered":"Radiofr\u00e9quence"},"content":{"rendered":"<div  data-label=\"About\" data-id=\"about--1\" data-export-id=\"about-10\" data-category=\"about\" class=\"about-10 content-section content-section-spacing\" id=\"about-1\" style=\"background-color: rgb(255, 255, 255); background-image: none;\"><div  class=\"gridContainer\"> <div  class=\"row middle-sm text-center\"><div  class=\"col-sm-5 space-bottom-xs content-column\" data-type=\"column\">  <h2  class=\"\">Redonnez vie \u00e0 votre peau gr\u00e2ce \u00e0 la radiofr\u00e9quence<\/h2> <p  class=\"\" style=\"text-align: justify;\">La radiofr\u00e9quence est une technologie non invasive qui utilise des ondes \u00e9lectromagn\u00e9tiques pour chauffer les tissus en profondeur.\n<br ><br >Ce processus stimule la production naturelle de collag\u00e8ne et d\u2019\u00e9lastine, responsables de la fermet\u00e9 et de l\u2019\u00e9lasticit\u00e9 de la peau.\n<br ><br >R\u00e9sultat : un effet tenseur visible, une peau plus lisse, et un v\u00e9ritable coup d\u2019\u00e9clat, sans douleur ni \u00e9viction sociale.<\/p> <\/div> <div  class=\"col-sm-7 flexbox middle-xs center-xs space-bottom-xs\"><div  class=\"overlay-box middle-xs center-xs flexbox\"> <div  class=\"overlay-box-offset offset-border shadow-medium border-color1 hide-xs\"><\/div> <img  decoding=\"async\" class=\"shadow-large\" data-size=\"485x705\" src=\"https:\/\/www.angel-institut-tyrosse.fr\/wp-content\/uploads\/2025\/05\/cropped-IMG_2580-scaled-1.jpg\" title=\"Angel Institut - Radiofr\u00e9quence\" alt=\"\"><\/div> <\/div><\/div> <\/div><\/div><div  data-label=\"CORPS 1S\" data-id=\"pricing--1\" data-export-id=\"pricing-1\" data-category=\"pricing\" data-featured-class=\"pricing-featured\" class=\"pricing-1 content-section content-section-spacing\" id=\"corps-1s-1\" style=\"background-color: rgba(211, 185, 164, 0.184); background-image: none;\"><div  class=\"gridContainer\"> <div  class=\"row\"><div  data-type=\"column\" class=\"section-title-col\"> <h2  class=\"text-center\">Visage (\u00c0 la s\u00e9ance)<\/h2> <p  class=\"lead\" style=\"text-align: justify;\">Prenez soin de votre peau selon vos besoins gr\u00e2ce \u00e0 nos s\u00e9ances personnalis\u00e9es. Chaque prestation est con\u00e7ue pour cibler une zone sp\u00e9cifique du visage et am\u00e9liorer visiblement votre apparence d\u00e8s la premi\u00e8re s\u00e9ance.<\/p><\/div> <\/div> <div  data-type=\"row\" class=\"row spaced-cols\"> <div  class=\"col-xs-12 col-sm-6 col-md-3 text-center \"> <div  class=\"card shadow-small rounded\" data-default=\"shadow-small\" data-featured=\"shadow-large\" data-type=\"column\"> <h3  class=\"font-300 upper\">\u2013<\/h3> <h3  class=\"h1\">20\u20ac<\/h3> <p  class=\"small color1 custom-color\">La s\u00e9ance\n<br ><br >Contour des yeux ou contour des l\u00e8vres<\/p>  <a  class=\"button upper y-move color3\" href=\"#\" data-default=\"color1\" data-featured=\"color2\" target=\"_self\" data-cp-link=\"1\" data-icon=\"\">10 minutes<\/a><\/div> <\/div> <div  class=\"col-xs-12 col-sm-6 col-md-3 text-center\"> <div  class=\"card rounded shadow-small\" data-default=\"shadow-small\" data-featured=\"shadow-large\" data-type=\"column\"> <h3  class=\"font-300 upper\">\u2013<\/h3> <h3  class=\"h1\">30\u20ac<\/h3> <p  class=\"small color1 custom-color\">La s\u00e9ance\n<br ><br >\n<br >Cou ou d\u00e9collet\u00e9\n<\/p>  <a  class=\"button upper y-move color3 color1\" href=\"#\" data-default=\"color1\" data-featured=\"color2\" target=\"_self\" data-cp-link=\"1\" data-icon=\"\">15 minutes <\/a><\/div> <\/div> <div  class=\"col-xs-12 col-sm-6 col-md-3 text-center \"> <div  class=\"card shadow-small rounded\" data-default=\"shadow-small\" data-featured=\"shadow-large\" data-type=\"column\"> <h3  class=\"font-300 upper\">\u2013<\/h3> <h3  class=\"h1\">40\u20ac<\/h3> <p  class=\"small color1 custom-color\">La s\u00e9ance\n<br ><br >\n<br >Remodelage double menton<\/p>  <a  class=\"button upper y-move color3\" href=\"#\" data-default=\"color1\" data-featured=\"color2\" target=\"_self\" data-cp-link=\"1\" data-icon=\"\">20 minutes<\/a><\/div> <\/div> <div  class=\"col-xs-12 col-sm-6 col-md-3 text-center \"> <div  class=\"card shadow-small rounded\" data-default=\"shadow-small\" data-featured=\"shadow-large\" data-type=\"column\"> <h3  class=\"font-300 upper\">\u2013<\/h3> <h3  class=\"h1\">60\u20ac<\/h3> <p  class=\"small color1 custom-color\">La s\u00e9ance\n<br ><br >\n<br >Lifting complet visage\n<\/p>  <a  class=\"button upper y-move color3\" href=\"#\" data-default=\"color1\" data-featured=\"color2\" target=\"_self\" data-cp-link=\"1\" data-icon=\"\">30 minutes <\/a><\/div> <\/div><\/div> <\/div><\/div><div  data-label=\"VISAGE 6S\" data-id=\"pricing--2\" data-export-id=\"pricing-1\" data-category=\"pricing\" data-featured-class=\"pricing-featured\" class=\"pricing-1 content-section content-section-spacing content-relative section-title-col-dark-text\" id=\"visage-6s\" style=\"background-color: rgb(255, 255, 255); background-image: none; background-size: cover; background-position: center top;\" data-section-ov=\"1\"><div  class=\"gridContainer\"> <div  class=\"row\"><div  data-type=\"column\" class=\"section-title-col\"> <h2  class=\"text-center\">Visage (Forfait 6 s\u00e9ances)<\/h2> <p  class=\"lead\">Pour des r\u00e9sultats durables et en profondeur, optez pour notre forfait de 6 s\u00e9ances. Ce programme permet de renforcer les effets des soins tout en offrant un meilleur rapport qualit\u00e9\/prix.<\/p><\/div> <\/div> <div  data-type=\"row\" class=\"row spaced-cols\"> <div  class=\"col-xs-12 col-sm-6 col-md-3 text-center \"> <div  class=\"card shadow-small rounded\" data-default=\"shadow-small\" data-featured=\"shadow-large\" data-type=\"column\"> <h3  class=\"font-300 upper\">\u2013<\/h3> <h3  class=\"h1\">110\u20ac<\/h3> <p  class=\"small custom-color color1\">6 S\u00e9ances\n<br ><br >\n<br >Contour des yeux ou contour des l\u00e8vres<\/p>  <a  class=\"button upper y-move color2\" href=\"#\" data-default=\"color1\" data-featured=\"color2\" target=\"_self\" data-cp-link=\"1\" data-icon=\"\">10 minutes <\/a><\/div> <\/div> <div  class=\"col-xs-12 col-sm-6 col-md-3 text-center\"> <div  class=\"card rounded shadow-small\" data-default=\"shadow-small\" data-featured=\"shadow-large\" data-type=\"column\"> <h3  class=\"font-300 upper\">\u2013<\/h3> <h3  class=\"h1\">170\u20ac<\/h3> <p  class=\"small custom-color color1\">6 S\u00e9ances\n<br ><br >\n<br >Cou ou d\u00e9collet\u00e9<\/p> <ul  data-default=\"no-class\" data-featured=\"strong\" class=\"unstyled checked black text-center decoration-color1\"><\/ul> <a  class=\"button upper y-move color2\" href=\"#\" data-default=\"color1\" data-featured=\"color2\" target=\"_self\" data-cp-link=\"1\" data-icon=\"\">15 minutes <\/a><\/div> <\/div> <div  class=\"col-xs-12 col-sm-6 col-md-3 text-center \"> <div  class=\"card shadow-small rounded\" data-default=\"shadow-small\" data-featured=\"shadow-large\" data-type=\"column\"> <h3  class=\"font-300 upper\">\u2013<\/h3> <h3  class=\"h1\">220\u20ac<\/h3> <p  class=\"small custom-color color1\">6 S\u00e9ances\n<br ><br >\n<br >Remodelage double menton\n<br ><br ><\/p>  <a  class=\"button upper y-move color2\" href=\"#\" data-default=\"color1\" data-featured=\"color2\" target=\"_self\" data-cp-link=\"1\" data-icon=\"\">20 minutes<\/a><\/div> <\/div> <div  class=\"col-xs-12 col-sm-6 col-md-3 text-center \"> <div  class=\"card shadow-small rounded\" data-default=\"shadow-small\" data-featured=\"shadow-large\" data-type=\"column\"> <h3  class=\"font-300 upper\">\u2013<\/h3> <h3  class=\"h1\">330\u20ac<\/h3> <p  class=\"small custom-color color1\">6 S\u00e9ances\n<br ><br >\n<br >Lifting complet visage\n\n\n<br ><br ><\/p>  <a  class=\"button upper y-move color2\" href=\"#\" data-default=\"color1\" data-featured=\"color2\" target=\"_self\" data-cp-link=\"1\" data-icon=\"\">30 minutes<\/a><\/div> <\/div><\/div> <\/div><\/div><div  data-label=\"CORPS 1S\" data-id=\"pricing--3\" data-export-id=\"pricing-1\" data-category=\"pricing\" data-featured-class=\"pricing-featured\" class=\"pricing-1 content-section content-section-spacing\" id=\"corps-1s\" style=\"background-color: rgba(211, 185, 164, 0.184); background-image: none;\"><div  class=\"gridContainer\"> <div  class=\"row\"><div  data-type=\"column\" class=\"section-title-col\"> <h2  class=\"text-center\">Corps (\u00c0 la s\u00e9ance)<\/h2> <p  class=\"lead\">Profitez de nos soins de remodelage corporel par radiofr\u00e9quence pour cibler des zones sp\u00e9cifiques comme l\u2019abdomen, les bras, les cuisses ou les fessiers.\n<br >\n<br >Chaque s\u00e9ance favorise le raffermissement cutan\u00e9, r\u00e9duit l\u2019aspect de la cellulite et am\u00e9liore visiblement la texture de la peau, sans chirurgie ni douleur.<\/p><\/div> <\/div> <div  data-type=\"row\" class=\"row spaced-cols\"> <div  class=\"col-xs-12 col-sm-6 col-md-3 text-center\"> <div  class=\"card rounded shadow-small\" data-default=\"shadow-small\" data-featured=\"shadow-large\" data-type=\"column\"> <h3  class=\"font-300 upper\">\u2013<\/h3> <h3  class=\"h1\">60\u20ac<\/h3> <p  class=\"small custom-color color1\">La s\u00e9ance\n<br ><br >\n<br >Remodelage de l\u2019abdomen<\/p>  <a  class=\"button upper y-move color3\" href=\"https:\/\/www.angel-institut-tyrosse.fr\/radiofrequence\" data-default=\"color1\" data-featured=\"color2\" target=\"_self\" data-cp-link=\"1\" data-icon=\"\">30 minutes <\/a><\/div> <\/div> <div  class=\"col-xs-12 col-sm-6 col-md-3 text-center\"> <div  class=\"card rounded shadow-small\" data-default=\"shadow-small\" data-featured=\"shadow-large\" data-type=\"column\"> <h3  class=\"font-300 upper\">\u2013<\/h3> <h3  class=\"h1\">60\u20ac<\/h3> <p  class=\"small custom-color color1\">La s\u00e9ance\n<br ><br >\n<br >Remodelage des bras<\/p>  <a  class=\"button upper y-move color3 color1\" href=\"#\" data-default=\"color1\" data-featured=\"color2\" target=\"_self\" data-cp-link=\"1\" data-icon=\"\">30 minutes <\/a><\/div> <\/div> <div  class=\"col-xs-12 col-sm-6 col-md-3 text-center \"> <div  class=\"card shadow-small rounded\" data-default=\"shadow-small\" data-featured=\"shadow-large\" data-type=\"column\"> <h3  class=\"font-300 upper\">\u2013<\/h3> <h3  class=\"h1\" style=\"margin-bottom: 16px;\">80\u20ac<\/h3> <p  class=\"small color1 custom-color\">La s\u00e9ance\n<br ><br >\n<br >Remodelage des cuisses<\/p>  <a  class=\"button upper y-move color3\" href=\"#\" data-default=\"color1\" data-featured=\"color2\" target=\"_self\" data-cp-link=\"1\" data-icon=\"\">40 minutes  <\/a><\/div> <\/div> <div  class=\"col-xs-12 col-sm-6 col-md-3 text-center \"> <div  class=\"card shadow-small rounded\" data-default=\"shadow-small\" data-featured=\"shadow-large\" data-type=\"column\"> <h3  class=\"font-300 upper\">\u2013<\/h3> <h3  class=\"h1\">80\u20ac<\/h3> <p  class=\"small color1 custom-color\">La s\u00e9ance\n<br ><br >\n<br >Remodelage fessier<\/p>  <a  class=\"button upper y-move color3\" href=\"#\" data-default=\"color1\" data-featured=\"color2\" target=\"_self\" data-cp-link=\"1\" data-icon=\"\">40 minutes <\/a><\/div> <\/div><\/div> <\/div><\/div><div  data-label=\"CORPS 6S\" data-id=\"pricing--4\" data-export-id=\"pricing-1\" data-category=\"pricing\" data-featured-class=\"pricing-featured\" class=\"pricing-1 content-section content-section-spacing\" id=\"corps-6s\" style=\"background-color: rgb(255, 255, 255); background-image: none;\"><div  class=\"gridContainer\"> <div  class=\"row\"><div  data-type=\"column\" class=\"section-title-col\"> <h2  class=\"text-center\">Corps (Forfait 6 s\u00e9ances)<\/h2> <p  class=\"lead\" style=\"text-align: center;\">Pour des r\u00e9sultats durables et une silhouette redessin\u00e9e, optez pour notre forfait 6 s\u00e9ances. Id\u00e9al pour tonifier le corps, r\u00e9duire les amas graisseux localis\u00e9s et am\u00e9liorer l\u2019\u00e9lasticit\u00e9 de la peau.\n<br >Le protocole complet permet une action progressive et efficace sur les zones les plus tenaces.<\/p><\/div> <\/div> <div  data-type=\"row\" class=\"row spaced-cols\"> <div  class=\"col-xs-12 col-sm-6 col-md-3 text-center \"> <div  class=\"card shadow-small rounded\" data-default=\"shadow-small\" data-featured=\"shadow-large\" data-type=\"column\"> <h3  class=\"font-300 upper\">\u2013<\/h3> <h3  class=\"h1\">330\u20ac<\/h3> <p  class=\"small color1 custom-color\">6 S\u00e9ances\n<br ><br >\n<br >Remodelage de l\u2019abdomen<\/p>  <a  class=\"button upper y-move color2\" href=\"#\" data-default=\"color1\" data-featured=\"color2\" target=\"_self\" data-cp-link=\"1\" data-icon=\"\">30 minutes<\/a><\/div> <\/div> <div  class=\"col-xs-12 col-sm-6 col-md-3 text-center\"> <div  class=\"card rounded shadow-small\" data-default=\"shadow-small\" data-featured=\"shadow-large\" data-type=\"column\"> <h3  class=\"font-300 upper\">\u2013<\/h3> <h3  class=\"h1\" style=\"margin-bottom: 16px;\">330\u20ac<\/h3> <p  class=\"small color1 custom-color\">6 S\u00e9ances\n<br ><br >\n<br >Remodelage des bras<\/p>  <a  class=\"button upper y-move color2\" href=\"#\" data-default=\"color1\" data-featured=\"color2\" target=\"_self\" data-cp-link=\"1\" data-icon=\"\">30 minutes<\/a><\/div> <\/div> <div  class=\"col-xs-12 col-sm-6 col-md-3 text-center \"> <div  class=\"card shadow-small rounded\" data-default=\"shadow-small\" data-featured=\"shadow-large\" data-type=\"column\"> <h3  class=\"font-300 upper\">\u2013<\/h3> <h3  class=\"h1\">460\u20ac<\/h3> <p  class=\"small color1 custom-color\">6 S\u00e9ances\n<br ><br >\n<br >Remodelage des cuisses<\/p>  <a  class=\"button upper y-move color2\" href=\"#\" data-default=\"color1\" data-featured=\"color2\" target=\"_self\" data-cp-link=\"1\" data-icon=\"\">40 minutes<\/a><\/div> <\/div> <div  class=\"col-xs-12 col-sm-6 col-md-3 text-center \"> <div  class=\"card shadow-small rounded\" data-default=\"shadow-small\" data-featured=\"shadow-large\" data-type=\"column\"> <h3  class=\"font-300 upper\">\u2013<\/h3> <h3  class=\"h1\">460\u20ac<\/h3> <p  class=\"small color1 custom-color\">6 S\u00e9ances\n<br ><br >\n<br >Remodelage fessiers<\/p>  <a  class=\"button upper y-move color2\" href=\"#\" data-default=\"color1\" data-featured=\"color2\" target=\"_self\" data-cp-link=\"1\" data-icon=\"\">40 minutes<\/a><\/div> <\/div><\/div> <\/div><\/div><div  data-label=\"Features\" data-id=\"features--1\" data-export-id=\"features-12-card-bordered\" data-category=\"features\" class=\"features-12-card-bordered content-section content-section-spacing\" id=\"features-1\" style=\"background-color: rgba(211, 185, 164, 0.184); background-image: none;\"><div  class=\"gridContainer\"> <div  class=\"row text-center\"><div  class=\"section-title-col\" data-type=\"column\"> <h2  class=\"\"><span  style=\"font-weight: normal;\">R\u00e9v\u00e9lez tout le potentiel de votre silhouette<\/span><\/h2> <p  class=\"lead\">La radiofr\u00e9quence est une technologie avanc\u00e9e qui agit en profondeur pour tonifier, lisser et raffermir la peau.Que ce soit pour att\u00e9nuer la cellulite, am\u00e9liorer l\u2019\u00e9lasticit\u00e9 ou redessiner les contours du corps, ce soin non invasif offre des r\u00e9sultats visibles d\u00e8s les premi\u00e8res s\u00e9ances, tout en procurant une agr\u00e9able sensation de chaleur.<\/p><\/div> <\/div> <div  class=\"row spaced-cols\" data-type=\"row\"> <div  class=\"col-sm-6\"> <div  class=\"card row-card bordered y-move\"> <div  class=\"row\"> <div  class=\"col-sm-fit icon-column\"> <i  class=\"fa icon fa-female bordered round color2\"><\/i> <\/div> <div  class=\"col-sm\" data-type=\"column\"> <h5  class=\"color2\">Raffermissement de la peau<\/h5> <p  class=\"\">La radiofr\u00e9quence stimule le collag\u00e8ne et redonne \u00e9lasticit\u00e9 \u00e0 la peau. Id\u00e9ale pour traiter le rel\u00e2chement cutan\u00e9 sur des zones comme le ventre, les bras ou les cuisses.<\/p><\/div> <\/div><\/div> <\/div> <div  class=\"col-sm-6\"> <div  class=\"card row-card bordered y-move\"> <div  class=\"row\"> <div  class=\"col-sm-fit icon-column\"> <i  class=\"fa icon fa-area-chart bordered round color2\"><\/i> <\/div> <div  class=\"col-sm\" data-type=\"column\"> <h5  class=\"color2\">R\u00e9duction de la cellulite<\/h5> <p  class=\"\">Gr\u00e2ce \u00e0 l\u2019action thermique cibl\u00e9e, la radiofr\u00e9quence agit en profondeur pour lisser la peau d\u2019orange et att\u00e9nuer visiblement l\u2019aspect de la cellulite d\u00e8s les premi\u00e8res s\u00e9ances.<\/p><\/div> <\/div><\/div> <\/div> <div  class=\"col-sm-6\"> <div  class=\"card row-card bordered y-move\"> <div  class=\"row\"> <div  class=\"col-sm-fit icon-column\"> <i  class=\"fa icon fa-level-up bordered round color2\"><\/i> <\/div> <div  class=\"col-sm\" data-type=\"column\"> <h5  class=\"color2\">Am\u00e9lioration de la circulation<\/h5> <p  class=\"\">Ce soin am\u00e9liore la microcirculation sanguine et lymphatique, favorisant ainsi le drainage des toxines et une meilleure oxyg\u00e9nation des tissus.<\/p><\/div> <\/div><\/div> <\/div> <div  class=\"col-sm-6\"> <div  class=\"card row-card bordered y-move\"> <div  class=\"row\"> <div  class=\"col-sm-fit icon-column\"> <i  class=\"fa icon fa-asterisk bordered round color2\"><\/i> <\/div> <div  class=\"col-sm\" data-type=\"column\"> <h5  class=\"color2\">Soin indolore et relaxant<\/h5> <p  class=\"\">La radiofr\u00e9quence est un soin doux, non invasif et agr\u00e9able, qui procure une sensation de chaleur confortable et une r\u00e9elle d\u00e9tente pendant la s\u00e9ance.<\/p><\/div> <\/div><\/div> <\/div><\/div> <\/div><\/div>","protected":false},"excerpt":{"rendered":"<p>Redonnez vie \u00e0 votre peau gr\u00e2ce \u00e0 la radiofr\u00e9quence La radiofr\u00e9quence est une technologie non invasive qui utilise des ondes \u00e9lectromagn\u00e9tiques pour chauffer les tissus en profondeur. Ce processus stimule la production naturelle de collag\u00e8ne et d\u2019\u00e9lastine, responsables de la fermet\u00e9 et de l\u2019\u00e9lasticit\u00e9 de la peau. R\u00e9sultat : un effet tenseur visible, une peau&hellip; <br \/> <a class=\"read-more\" href=\"https:\/\/www.angel-institut-tyrosse.fr\/?page_id=113\">Read more<\/a><\/p>\n","protected":false},"author":1,"featured_media":0,"parent":0,"menu_order":0,"comment_status":"closed","ping_status":"closed","template":"pro\/page-templates\/full-width-page.php","meta":{"footnotes":""},"class_list":["post-113","page","type-page","status-publish","hentry"],"_links":{"self":[{"href":"https:\/\/www.angel-institut-tyrosse.fr\/index.php?rest_route=\/wp\/v2\/pages\/113","targetHints":{"allow":["GET"]}}],"collection":[{"href":"https:\/\/www.angel-institut-tyrosse.fr\/index.php?rest_route=\/wp\/v2\/pages"}],"about":[{"href":"https:\/\/www.angel-institut-tyrosse.fr\/index.php?rest_route=\/wp\/v2\/types\/page"}],"author":[{"embeddable":true,"href":"https:\/\/www.angel-institut-tyrosse.fr\/index.php?rest_route=\/wp\/v2\/users\/1"}],"replies":[{"embeddable":true,"href":"https:\/\/www.angel-institut-tyrosse.fr\/index.php?rest_route=%2Fwp%2Fv2%2Fcomments&post=113"}],"version-history":[{"count":19,"href":"https:\/\/www.angel-institut-tyrosse.fr\/index.php?rest_route=\/wp\/v2\/pages\/113\/revisions"}],"predecessor-version":[{"id":390,"href":"https:\/\/www.angel-institut-tyrosse.fr\/index.php?rest_route=\/wp\/v2\/pages\/113\/revisions\/390"}],"wp:attachment":[{"href":"https:\/\/www.angel-institut-tyrosse.fr\/index.php?rest_route=%2Fwp%2Fv2%2Fmedia&parent=113"}],"curies":[{"name":"wp","href":"https:\/\/api.w.org\/{rel}","templated":true}]}}