{"id":111,"date":"2018-08-08T13:39:10","date_gmt":"2018-08-08T13:39:10","guid":{"rendered":"http:\/\/extendthemes.com\/demos\/mesmerize-pro-hairstyle\/?page_id=111"},"modified":"2025-05-19T18:14:20","modified_gmt":"2025-05-19T16:14:20","slug":"contact","status":"publish","type":"page","link":"https:\/\/www.angel-institut-tyrosse.fr\/?page_id=111","title":{"rendered":"\u00c0 PROPOS&#8230;"},"content":{"rendered":"<div  data-label=\"Content\" data-id=\"content--1\" data-export-id=\"content-6\" data-category=\"content\" class=\"content-6 content-section content-section-spacing\" id=\"content-1\" style=\"background-color: rgb(255, 255, 255);\"><div  class=\"gridContainer\"> <div  class=\"row text-center\"><div  class=\"section-title-col\" data-type=\"column\"> <h2  class=\"\">L\u2019alliance du geste, de la technologie\u2026\n<br >et du c\u0153ur<\/h2> <p  class=\"lead\">J\u2019ai \u00e0 c\u0153ur de vous offrir bien plus qu\u2019un simple soin : un moment pour vous reconnecter \u00e0 votre beaut\u00e9 et \u00e0 votre bien-\u00eatre<\/p><\/div> <\/div> <div  class=\"row middle-sm\"> <div  class=\"col-sm-6\"> <div  class=\"row\"> <div  class=\"col-xs-12 space-bottom\" data-type=\"column\"> <h3  class=\"color2\">Chaque peau a son histoire.<\/h3> <p  class=\"\" style=\"text-align: justify;\">Avec la radiofr\u00e9quence et le LPG, je vous aide \u00e0 r\u00e9v\u00e9ler la v\u00f4tre naturellement, en douceur, et avec des r\u00e9sultats que vous pouvez ressentir.<\/p><\/div> <div  data-type=\"row\" class=\"col-xs-12\"><div  class=\"row space-bottom force-align\"> <div  class=\"col-xs-12 col-sm-fit text-center\"><i  class=\"fa icon fa-female big color1\"><\/i><\/div> <div  class=\"col-xs-12 col-sm\" data-type=\"column\"><h5  class=\"color1\">Des soins adapt\u00e9s \u00e0 chaque corps<\/h5> <p  class=\"\" style=\"text-align: justify;\">&nbsp;Je crois que chaque silhouette est unique. C\u2019est pourquoi j\u2019adapte&nbsp; chaque protocole \u00e0 vos objectifs : raffermir, lisser, tonifier.<\/p><\/div> <\/div> <div  class=\"row space-bottom force-align\"> <div  class=\"col-xs-12 col-sm-fit text-center\"> <i  class=\"fa icon fa-heartbeat big color1\"><\/i><\/div> <div  class=\"col-xs-12 col-sm\" data-type=\"column\"><h5  class=\"color1\">Une technologie performante et douce<\/h5> <p  class=\"\" style=\"text-align: justify;\">La radiofr\u00e9quence et la technologie LPG agissent en profondeur tout en respectant votre peau. Ces soins procurent une chaleur douce et r\u00e9confortante, pour un vrai moment de d\u00e9tente, tout en am\u00e9liorant visiblement la fermet\u00e9 et la qualit\u00e9 de la peau<\/p><\/div> <\/div> <div  class=\"row space-bottom force-align\"> <div  class=\"col-xs-12 col-sm-fit text-center\"> <i  class=\"fa icon fa-extra-bluesky big color1\"><\/i><\/div> <div  class=\"col-xs-12 col-sm\" data-type=\"column\"><h5  class=\"color1\">Un accompagnement humain<\/h5> <p  class=\"\" style=\"text-align: justify;\">Au-del\u00e0 de la technique, je privil\u00e9gie la relation de confiance. Je vous accompagne avec bienveillance \u00e0 chaque \u00e9tape de votre parcours.<\/p><\/div> <\/div><\/div> <\/div><\/div> <div  class=\"col-sm-6 flexbox around-xs top-xs space-bottom-xs\"><div  class=\"overlay-box flexbox middle-xs center-xs overlay-holder\"> <div  class=\"overlay-box-offset offset-border shadow-medium border-color2 hide-xs\"><\/div> <img  decoding=\"async\" class=\"flexbox shadow-large img1\" data-size=\"485x632\" src=\"https:\/\/www.angel-institut-tyrosse.fr\/wp-content\/uploads\/2025\/05\/cropped-IMG_2590-scaled-1.jpg\" title=\"Angel - Institut \u00e0 Saint Jean de Marsacq\" alt=\"\"><\/div> <\/div><\/div> <\/div><\/div><div  data-label=\"Contact\" data-id=\"contact--1\" data-export-id=\"contact-3\" data-category=\"contact\" class=\"contact-3 content-section content-section-spacing\" id=\"contact-1\" style=\"background-color: rgb(245, 250, 253); background-image: url(&quot;https:\/\/www.angel-institut-tyrosse.fr\/wp-content\/uploads\/2025\/05\/MAPS-ANGEL.png&quot;); background-size: cover; background-position: center top;\" data-section-ov=\"1\"><div  class=\"gridContainer\"> <div  class=\"row\"><div  class=\"col-xs-12 col-sm-6 col-sm-offset-6 col-md-5 col-md-offset-7 text-center\"> <div  data-type=\"column\" class=\"card large-padding\"><h2  class=\"font-300\">Angel Institut<\/h2>  <p  class=\"\">89 impasse de Besan\u00e7on\n<br >40230 Saint Jean de Marsacq<\/p> <p  class=\"\">T\u00e9l\u00e9phone \/ SMS : 06 06 43 11 53<\/p>  <\/div> <\/div><\/div> <\/div><\/div>","protected":false},"excerpt":{"rendered":"<p>L\u2019alliance du geste, de la technologie\u2026 et du c\u0153ur J\u2019ai \u00e0 c\u0153ur de vous offrir bien plus qu\u2019un simple soin : un moment pour vous reconnecter \u00e0 votre beaut\u00e9 et \u00e0 votre bien-\u00eatre Chaque peau a son histoire. Avec la radiofr\u00e9quence et le LPG, je vous aide \u00e0 r\u00e9v\u00e9ler la v\u00f4tre naturellement, en douceur, et&hellip; <br \/> <a class=\"read-more\" href=\"https:\/\/www.angel-institut-tyrosse.fr\/?page_id=111\">Read more<\/a><\/p>\n","protected":false},"author":1,"featured_media":0,"parent":0,"menu_order":0,"comment_status":"closed","ping_status":"closed","template":"pro\/page-templates\/full-width-page.php","meta":{"footnotes":""},"class_list":["post-111","page","type-page","status-publish","hentry"],"_links":{"self":[{"href":"https:\/\/www.angel-institut-tyrosse.fr\/index.php?rest_route=\/wp\/v2\/pages\/111","targetHints":{"allow":["GET"]}}],"collection":[{"href":"https:\/\/www.angel-institut-tyrosse.fr\/index.php?rest_route=\/wp\/v2\/pages"}],"about":[{"href":"https:\/\/www.angel-institut-tyrosse.fr\/index.php?rest_route=\/wp\/v2\/types\/page"}],"author":[{"embeddable":true,"href":"https:\/\/www.angel-institut-tyrosse.fr\/index.php?rest_route=\/wp\/v2\/users\/1"}],"replies":[{"embeddable":true,"href":"https:\/\/www.angel-institut-tyrosse.fr\/index.php?rest_route=%2Fwp%2Fv2%2Fcomments&post=111"}],"version-history":[{"count":10,"href":"https:\/\/www.angel-institut-tyrosse.fr\/index.php?rest_route=\/wp\/v2\/pages\/111\/revisions"}],"predecessor-version":[{"id":389,"href":"https:\/\/www.angel-institut-tyrosse.fr\/index.php?rest_route=\/wp\/v2\/pages\/111\/revisions\/389"}],"wp:attachment":[{"href":"https:\/\/www.angel-institut-tyrosse.fr\/index.php?rest_route=%2Fwp%2Fv2%2Fmedia&parent=111"}],"curies":[{"name":"wp","href":"https:\/\/api.w.org\/{rel}","templated":true}]}}